{"id":199,"date":"2023-11-07T14:48:13","date_gmt":"2023-11-07T14:48:13","guid":{"rendered":"https:\/\/weareduenas.com\/we-are\/"},"modified":"2024-04-17T11:37:28","modified_gmt":"2024-04-17T11:37:28","slug":"nous-sommes","status":"publish","type":"page","link":"https:\/\/weareduenas.com\/fr\/nous-sommes\/","title":{"rendered":"NOUS SOMMES"},"content":{"rendered":"<h2 class=\"mb-3 pb-0\">DUE\u00d1AS VA AU-DEL\u00c0 D&rsquo;\u00caTRE UNE MARQUE<\/h2>\n<p>Elle repr\u00e9sente un \u00e9tat d&rsquo;esprit, un pont entre l&rsquo;ambition et le d\u00e9fi, une affirmation d&#8217;empowerment et d&rsquo;authenticit\u00e9. Ce concept est n\u00e9 de deux amoureux de l&rsquo;art qui, bien qu&rsquo;ils puissent montrer leurs visages, ont choisi de rester dans l&rsquo;ombre comme d\u00e9claration d&rsquo;intention. S&rsquo;entourer d&rsquo;une bonne \u00e9quipe, o\u00f9 chaque membre apporte le meilleur de ce qu&rsquo;il sait faire, peut donner des r\u00e9sultats extraordinaires. Nous avons d\u00e9cid\u00e9 de donner au produit, au client et \u00e0 l&rsquo;artisanat en Espagne la valeur qu&rsquo;ils m\u00e9ritent vraiment.<\/p>\n<p>Il a suffi de quelques caf\u00e9s pour ressentir la synergie qui nous a pouss\u00e9s \u00e0 nous lancer dans ce projet. Toutes les deux, nous sommes immerg\u00e9es dans l&rsquo;industrie de la mode, mais notre passion pour l&rsquo;art, notre soif insatiable de cr\u00e9ativit\u00e9 et notre d\u00e9sir d&rsquo;am\u00e9lioration continue nous ont conduites \u00e0 cr\u00e9er cette marque. Comme des cr\u00e9ateurs anonymes, nous donnons vie \u00e0 un produit en constante \u00e9volution. Chaque d\u00e9tail de DUE\u00d1AS est construit aux c\u00f4t\u00e9s de personnes qui valorisent ce qu&rsquo;elles font, il est essentiel d&rsquo;appr\u00e9cier le travail de la personne de l&rsquo;autre c\u00f4t\u00e9. Grandir avec passion et trouver l&rsquo;\u00e9quilibre dont la mode a besoin ; c&rsquo;est le v\u00e9ritable succ\u00e8s.<\/p>\n","protected":false},"excerpt":{"rendered":"<p>DUE\u00d1AS VA AU-DEL\u00c0 D&rsquo;\u00caTRE UNE MARQUE Elle repr\u00e9sente un \u00e9tat d&rsquo;esprit, un pont entre l&rsquo;ambition et le d\u00e9fi, une affirmation d&#8217;empowerment et d&rsquo;authenticit\u00e9. Ce concept est n\u00e9 de deux amoureux de l&rsquo;art qui, bien qu&rsquo;ils puissent montrer leurs visages, ont choisi de rester dans l&rsquo;ombre comme d\u00e9claration d&rsquo;intention. S&rsquo;entourer d&rsquo;une bonne \u00e9quipe, o\u00f9 chaque membre [&hellip;]<\/p>\n","protected":false},"author":1,"featured_media":0,"parent":0,"menu_order":0,"comment_status":"closed","ping_status":"closed","template":"page_people.php","meta":{"footnotes":""},"class_list":["post-199","page","type-page","status-publish","hentry"],"_links":{"self":[{"href":"https:\/\/weareduenas.com\/fr\/wp-json\/wp\/v2\/pages\/199"}],"collection":[{"href":"https:\/\/weareduenas.com\/fr\/wp-json\/wp\/v2\/pages"}],"about":[{"href":"https:\/\/weareduenas.com\/fr\/wp-json\/wp\/v2\/types\/page"}],"author":[{"embeddable":true,"href":"https:\/\/weareduenas.com\/fr\/wp-json\/wp\/v2\/users\/1"}],"replies":[{"embeddable":true,"href":"https:\/\/weareduenas.com\/fr\/wp-json\/wp\/v2\/comments?post=199"}],"version-history":[{"count":5,"href":"https:\/\/weareduenas.com\/fr\/wp-json\/wp\/v2\/pages\/199\/revisions"}],"predecessor-version":[{"id":260,"href":"https:\/\/weareduenas.com\/fr\/wp-json\/wp\/v2\/pages\/199\/revisions\/260"}],"wp:attachment":[{"href":"https:\/\/weareduenas.com\/fr\/wp-json\/wp\/v2\/media?parent=199"}],"curies":[{"name":"wp","href":"https:\/\/api.w.org\/{rel}","templated":true}]}}